{"id":399,"date":"2016-03-18T22:08:39","date_gmt":"2016-03-18T22:08:39","guid":{"rendered":"http:\/\/twofold.fuelthemes.net\/?page_id=399"},"modified":"2024-07-17T22:27:58","modified_gmt":"2024-07-17T21:27:58","slug":"about-me","status":"publish","type":"page","link":"http:\/\/www.tristancocrelle.com\/index.php\/about-me\/","title":{"rendered":"A propos"},"content":{"rendered":"<p>[vc_row][vc_column width=\u00a0\u00bb1\/2&Prime;][vc_column_text]<\/p>\n<p style=\"text-align: left;\">Je suis photographe de rue.<\/p>\n<p style=\"text-align: left;\">La photo est avant tout un regard pos\u00e9 sur le monde et sur l\u2019autre, un geste humaniste. Elle na\u00eet de la curiosit\u00e9 et de la surprise. La ville reste pour moi une source d\u2019inspiration infinie. Il y a toujours quelque chose de nouveau \u00e0 voir, \u00e0 d\u00e9couvrir. La Street Photo comme moyen de d\u00e9couvrir un lieu, voil\u00e0 le programme.<\/p>\n<p style=\"text-align: left;\">Le choix d\u2019un sujet, d\u2019un cadrage, d\u2019un traitement est une d\u00e9marche cr\u00e9ative \u00e9minemment subjective. Mes photos sont volontairement tr\u00e8s graphiques, granuleuses, parfois proches de la peinture ou du dessin. Elles ont une intention et une intensit\u00e9 picturales. Mais c\u2019est ce qui leur donne vie, ce qui finalement me permet d\u2019approcher et de rendre compte d\u2019une certaine objectivit\u00e9.<\/p>\n<p>Tristan.<\/p>\n<h4><span style=\"color: #ff9900;\">[\/vc_column_text][\/vc_column][vc_column width=\u00a0\u00bb1\/2&Prime;][vc_single_image image=\u00a0\u00bb5792&Prime; img_size=\u00a0\u00bblarge\u00a0\u00bb alignment=\u00a0\u00bbcenter\u00a0\u00bb][\/vc_column][\/vc_row][vc_row][vc_column][vc_column_text]<\/span><\/h4>\n<p>[\/vc_column_text][\/vc_column][\/vc_row]<\/p>\n","protected":false},"excerpt":{"rendered":"<p>[vc_row][vc_column width=\u00a0\u00bb1\/2&Prime;][vc_column_text] Je suis photographe de rue. La photo est avant tout un regard pos\u00e9 sur le monde et sur l\u2019autre, un geste humaniste. Elle na\u00eet de la curiosit\u00e9 et de la surprise. La ville reste pour moi une source d\u2019inspiration infinie. Il y a toujours quelque chose de nouveau \u00e0 voir, \u00e0 d\u00e9couvrir. La\u2026 <a class=\"excerpt-dot\" href=\"http:\/\/www.tristancocrelle.com\/index.php\/about-me\/\" title=\"A propos\"><svg xmlns=\"http:\/\/www.w3.org\/2000\/svg\" version=\"1.1\" x=\"0\" y=\"0\" width=\"30.2\" height=\"14.2\" viewBox=\"0 0 30.2 14.2\" enable-background=\"new 0 0 30.167 14.168\" xml:space=\"preserve\"><path d=\"M0.1 7.1c0-0.4 0.4-0.8 0.8-0.8h26.5l-5-4.9c-0.3-0.3-0.3-0.8 0-1.1 0.3-0.3 0.8-0.3 1.1 0l6.3 6.2c0.3 0.3 0.3 0.8 0 1.1l-6.3 6.2c-0.2 0.2-0.4 0.2-0.6 0.2 -0.2 0-0.4-0.1-0.6-0.2 -0.3-0.3-0.3-0.8 0-1.1l4.9-4.8H0.9C0.5 7.9 0.1 7.6 0.1 7.1z\"\/><\/svg><\/a><\/p>\n","protected":false},"author":1,"featured_media":0,"parent":0,"menu_order":0,"comment_status":"closed","ping_status":"closed","template":"template-about.php","meta":{"_exactmetrics_skip_tracking":false,"_exactmetrics_sitenote_active":false,"_exactmetrics_sitenote_note":"","_exactmetrics_sitenote_category":0,"footnotes":""},"class_list":["post-399","page","type-page","status-publish","hentry"],"aioseo_notices":[],"_links":{"self":[{"href":"http:\/\/www.tristancocrelle.com\/index.php\/wp-json\/wp\/v2\/pages\/399","targetHints":{"allow":["GET"]}}],"collection":[{"href":"http:\/\/www.tristancocrelle.com\/index.php\/wp-json\/wp\/v2\/pages"}],"about":[{"href":"http:\/\/www.tristancocrelle.com\/index.php\/wp-json\/wp\/v2\/types\/page"}],"author":[{"embeddable":true,"href":"http:\/\/www.tristancocrelle.com\/index.php\/wp-json\/wp\/v2\/users\/1"}],"replies":[{"embeddable":true,"href":"http:\/\/www.tristancocrelle.com\/index.php\/wp-json\/wp\/v2\/comments?post=399"}],"version-history":[{"count":29,"href":"http:\/\/www.tristancocrelle.com\/index.php\/wp-json\/wp\/v2\/pages\/399\/revisions"}],"predecessor-version":[{"id":7374,"href":"http:\/\/www.tristancocrelle.com\/index.php\/wp-json\/wp\/v2\/pages\/399\/revisions\/7374"}],"wp:attachment":[{"href":"http:\/\/www.tristancocrelle.com\/index.php\/wp-json\/wp\/v2\/media?parent=399"}],"curies":[{"name":"wp","href":"https:\/\/api.w.org\/{rel}","templated":true}]}}